{"id":2044,"date":"2021-01-28T19:05:43","date_gmt":"2021-01-29T00:05:43","guid":{"rendered":"http:\/\/acramedical.com\/web\/?page_id=2044"},"modified":"2021-01-29T11:17:28","modified_gmt":"2021-01-29T16:17:28","slug":"productos-2","status":"publish","type":"page","link":"http:\/\/acramedical.com\/web\/productos-2\/","title":{"rendered":"Productos"},"content":{"rendered":"<p>[vc_row][vc_column]<div id=\"sc_title_1618213486\"\n\t\tclass=\"sc_title color_style_default sc_title_default\"><h6 class=\"sc_item_subtitle sc_title_subtitle sc_align_left sc_item_title_style_default\">Para el cuidado de la piel. Preg\u00fantanos qu\u00e9 producto es mejor para su piel<\/h6><\/div><!-- \/.sc_title -->[vc_empty_space alter_height=&#8221;medium&#8221; hide_on_mobile=&#8221;&#8221;]<div id=\"sc_title_28653977\"\n\t\tclass=\"sc_title color_style_default sc_title_default\"><h6 class=\"sc_item_subtitle sc_title_subtitle sc_align_left sc_item_title_style_default\">Neocutis<\/h6><\/div><!-- \/.sc_title -->[vc_column_text]La vida puede ser desafiante. Las rutinas del cuidado de la piel tambi\u00e9n pueden ser un desaf\u00edo, pero no tienen porqu\u00e9 serlo.[\/vc_column_text][\/vc_column][\/vc_row][vc_row][vc_column][vc_column_text]<span data-mce-type=\"bookmark\" style=\"display: inline-block; width: 0px; overflow: hidden; line-height: 0;\" class=\"mce_SELRES_end\">\ufeff<\/span>[\/vc_column_text][\/vc_column][\/vc_row][vc_row][vc_column]<div class=\"cq-accordioncover darkgray \" data-overlaystyle=\"darkgray\" data-elementheight=\"\" data-captionbackground=\"\" data-contentcolor=\"\"><div class=\"cq-accordioncover-item cq4\" data-image=\"http:\/\/acramedical.com\/web\/wp-content\/uploads\/2020\/12\/Screen-Shot-2020-12-02-at-6.22.02-PM.png\"><div class=\"cq-accordioncover-background\"><\/div><div class=\"cq-accordioncover-overlay\"><div class=\"cq-accordioncover-textcontainer\"><p class=\"cq-accordioncover-content\">Crema de ojos iluminadora y reafirmante<\/p><\/div><\/div><\/div><div class=\"cq-accordioncover-item cq4\" data-image=\"http:\/\/acramedical.com\/web\/wp-content\/uploads\/2020\/12\/Screen-Shot-2020-12-02-at-6.18.14-PM.png\"><div class=\"cq-accordioncover-background\"><\/div><div class=\"cq-accordioncover-overlay\"><div class=\"cq-accordioncover-textcontainer\"><p class=\"cq-accordioncover-content\">Tratamiento rejuvenecedor con factor de crecimiento y p\u00e9ptidos<\/p><\/div><\/div><\/div><div class=\"cq-accordioncover-item cq4\" data-image=\"http:\/\/acramedical.com\/web\/wp-content\/uploads\/2020\/12\/Screen-Shot-2020-12-02-at-6.19.15-PM.png\"><div class=\"cq-accordioncover-background\"><\/div><div class=\"cq-accordioncover-overlay\"><div class=\"cq-accordioncover-textcontainer\"><p class=\"cq-accordioncover-content\">Crema reafirmante de cuello y escote<\/p><\/div><\/div><\/div><div class=\"cq-accordioncover-item cq4\" data-image=\"http:\/\/acramedical.com\/web\/wp-content\/uploads\/2020\/12\/Screen-Shot-2020-12-02-at-6.20.55-PM.png\"><div class=\"cq-accordioncover-background\"><\/div><div class=\"cq-accordioncover-overlay\"><div class=\"cq-accordioncover-textcontainer\"><p class=\"cq-accordioncover-content\">Crema de ojos iluminadora extra hidratante<\/p><\/div><\/div><\/div><\/div>[vc_empty_space alter_height=&#8221;medium&#8221; hide_on_mobile=&#8221;&#8221;]<div id=\"sc_title_1503773647\"\n\t\tclass=\"sc_title color_style_default sc_title_default\"><h6 class=\"sc_item_subtitle sc_title_subtitle sc_align_left sc_item_title_style_default\">SkinMedica\u00ae<\/h6><\/div><!-- \/.sc_title -->[vc_column_text]<\/p>\n<p style=\"text-align: justify;\">Experimente la diferencia de SkinMedica\u00ae. Vea c\u00f3mo aprovechamos las propiedades curativas naturales de su piel para transformarla desde adentro hacia afuera.<\/p>\n<p>[\/vc_column_text][\/vc_column][\/vc_row][vc_row][vc_column]<div class=\"cq-accordioncover darkgray \" data-overlaystyle=\"darkgray\" data-elementheight=\"\" data-captionbackground=\"\" data-contentcolor=\"\"><div class=\"cq-accordioncover-item cq7\" data-image=\"http:\/\/acramedical.com\/web\/wp-content\/uploads\/2020\/12\/Screen-Shot-2020-12-02-at-4.05.27-PM-1.png\"><div class=\"cq-accordioncover-background\"><\/div><div class=\"cq-accordioncover-overlay\"><div class=\"cq-accordioncover-textcontainer\"><p class=\"cq-accordioncover-content\">Complejo de Retinol 0.25<\/p><\/div><\/div><\/div><div class=\"cq-accordioncover-item cq7\" data-image=\"http:\/\/acramedical.com\/web\/wp-content\/uploads\/2020\/12\/11396212-1334457383744818.png\"><div class=\"cq-accordioncover-background\"><\/div><div class=\"cq-accordioncover-overlay\"><div class=\"cq-accordioncover-textcontainer\"><p class=\"cq-accordioncover-content\">Suero corrector de pigmentos<\/p><\/div><\/div><\/div><div class=\"cq-accordioncover-item cq7\" data-image=\"http:\/\/acramedical.com\/web\/wp-content\/uploads\/2020\/12\/Screen-Shot-2020-12-02-at-4.08.57-PM-1.png\"><div class=\"cq-accordioncover-background\"><\/div><div class=\"cq-accordioncover-overlay\"><div class=\"cq-accordioncover-textcontainer\"><p class=\"cq-accordioncover-content\">Complejo Retinol 1.0<\/p><\/div><\/div><\/div><div class=\"cq-accordioncover-item cq7\" data-image=\"http:\/\/acramedical.com\/web\/wp-content\/uploads\/2020\/12\/Screen-Shot-2020-12-02-at-4.06.13-PM-1.png\"><div class=\"cq-accordioncover-background\"><\/div><div class=\"cq-accordioncover-overlay\"><div class=\"cq-accordioncover-textcontainer\"><p class=\"cq-accordioncover-content\">Complejo Retinol 0.5<\/p><\/div><\/div><\/div><div class=\"cq-accordioncover-item cq7\" data-image=\"http:\/\/acramedical.com\/web\/wp-content\/uploads\/2020\/12\/Screen-Shot-2020-12-02-at-4.02.23-PM-1.png\"><div class=\"cq-accordioncover-background\"><\/div><div class=\"cq-accordioncover-overlay\"><div class=\"cq-accordioncover-textcontainer\"><p class=\"cq-accordioncover-content\">Suero edificante para ojos<\/p><\/div><\/div><\/div><div class=\"cq-accordioncover-item cq7\" data-image=\"http:\/\/acramedical.com\/web\/wp-content\/uploads\/2020\/12\/Screen-Shot-2020-12-02-at-4.03.47-PM-1.png\"><div class=\"cq-accordioncover-background\"><\/div><div class=\"cq-accordioncover-overlay\"><div class=\"cq-accordioncover-textcontainer\"><p class=\"cq-accordioncover-content\">HA<sup>5\u00a0<\/sup>Hidratante rejuvenecedor HA5<\/p><\/div><\/div><\/div><div class=\"cq-accordioncover-item cq7\" data-image=\"http:\/\/acramedical.com\/web\/wp-content\/uploads\/2020\/12\/Screen-Shot-2020-12-02-at-4.04.32-PM-1.png\"><div class=\"cq-accordioncover-background\"><\/div><div class=\"cq-accordioncover-overlay\"><div class=\"cq-accordioncover-textcontainer\"><p class=\"cq-accordioncover-content\">HA<sup>5\u00a0<\/sup>Sistema de labios HA5 Suave<br \/>HA<sup>5<\/sup>\u00a0Sistema de labios HA5 con Volumen<\/p><\/div><\/div><\/div><\/div>[vc_empty_space alter_height=&#8221;medium&#8221; hide_on_mobile=&#8221;&#8221;]<div id=\"sc_title_451671639\"\n\t\tclass=\"sc_title color_style_default sc_title_default\"><h6 class=\"sc_item_subtitle sc_title_subtitle sc_align_left sc_item_title_style_default\">Revision para el cuidado de la piel<\/h6><\/div><!-- \/.sc_title -->[vc_column_text]<\/p>\n<p class=\"title\" data-open-accessibility-text-original=\"25px\">Achieve Healthy, Beautiful Skin&#x2122;<\/p>\n<p>[\/vc_column_text]<div class=\"cq-accordioncover darkgray \" data-overlaystyle=\"darkgray\" data-elementheight=\"\" data-captionbackground=\"\" data-contentcolor=\"\"><div class=\"cq-accordioncover-item cq7\" data-image=\"http:\/\/acramedical.com\/web\/wp-content\/uploads\/2020\/12\/Screen-Shot-2020-12-02-at-3.51.16-PM.png\"><div class=\"cq-accordioncover-background\"><\/div><div class=\"cq-accordioncover-overlay\"><div class=\"cq-accordioncover-textcontainer\"><p class=\"cq-accordioncover-content\">Limpiador facial energizante para una piel naturalmente vibrante<\/p><\/div><\/div><\/div><div class=\"cq-accordioncover-item cq7\" data-image=\"http:\/\/acramedical.com\/web\/wp-content\/uploads\/2020\/12\/Screen-Shot-2020-12-02-at-3.55.53-PM.png\"><div class=\"cq-accordioncover-background\"><\/div><div class=\"cq-accordioncover-overlay\"><div class=\"cq-accordioncover-textcontainer\"><p class=\"cq-accordioncover-content\">Complejo calmante de suero de vitamina K<\/p><\/div><\/div><\/div><div class=\"cq-accordioncover-item cq7\" data-image=\"http:\/\/acramedical.com\/web\/wp-content\/uploads\/2020\/12\/Screen-Shot-2020-12-02-at-3.55.03-PM.png\"><div class=\"cq-accordioncover-background\"><\/div><div class=\"cq-accordioncover-overlay\"><div class=\"cq-accordioncover-textcontainer\"><p class=\"cq-accordioncover-content\">Cuerpo firme<\/p><\/div><\/div><\/div><div class=\"cq-accordioncover-item cq7\" data-image=\"http:\/\/acramedical.com\/web\/wp-content\/uploads\/2020\/12\/Screen-Shot-2020-12-02-at-3.54.17-PM.png\"><div class=\"cq-accordioncover-background\"><\/div><div class=\"cq-accordioncover-overlay\"><div class=\"cq-accordioncover-textcontainer\"><p class=\"cq-accordioncover-content\">Rejuvenecedor de labios<\/p><\/div><\/div><\/div><div class=\"cq-accordioncover-item cq7\" data-image=\"http:\/\/acramedical.com\/web\/wp-content\/uploads\/2020\/12\/Screen-Shot-2020-12-02-at-3.52.53-PM.png\"><div class=\"cq-accordioncover-background\"><\/div><div class=\"cq-accordioncover-overlay\"><div class=\"cq-accordioncover-textcontainer\"><p class=\"cq-accordioncover-content\">Exfolia, limpia e hidrata suavemente para una piel radiante<\/p><\/div><\/div><\/div><div class=\"cq-accordioncover-item cq7\" data-image=\"http:\/\/acramedical.com\/web\/wp-content\/uploads\/2020\/12\/Screen-Shot-2020-12-02-at-3.50.27-PM.png\"><div class=\"cq-accordioncover-background\"><\/div><div class=\"cq-accordioncover-overlay\"><div class=\"cq-accordioncover-textcontainer\"><p class=\"cq-accordioncover-content\">Complejo corrector C + 30%<\/p><\/div><\/div><\/div><div class=\"cq-accordioncover-item cq7\" data-image=\"http:\/\/acramedical.com\/web\/wp-content\/uploads\/2020\/12\/Screen-Shot-2020-12-02-at-3.49.35-PM.png\"><div class=\"cq-accordioncover-background\"><\/div><div class=\"cq-accordioncover-overlay\"><div class=\"cq-accordioncover-textcontainer\"><p class=\"cq-accordioncover-content\">Tecnolog\u00eda de pr\u00f3xima generaci\u00f3n para un cuello de aspecto joven<\/p><\/div><\/div><\/div><\/div>[\/vc_column][\/vc_row][vc_row][vc_column][vc_empty_space alter_height=&#8221;medium&#8221; hide_on_mobile=&#8221;&#8221;]<div id=\"sc_title_341783251\"\n\t\tclass=\"sc_title color_style_default sc_title_default\"><h6 class=\"sc_item_subtitle sc_title_subtitle sc_align_left sc_item_title_style_default\">Nutrafol<\/h6><\/div><!-- \/.sc_title -->[vc_column_text]<\/p>\n<p class=\"css-mxknop e1ixrxha1\">Lo esencial. \u00a1El crecimiento del cabello comienza aqu\u00ed!<\/p>\n<p>[\/vc_column_text]<div class=\"cq-accordioncover darkgray \" data-overlaystyle=\"darkgray\" data-elementheight=\"\" data-captionbackground=\"\" data-contentcolor=\"\"><div class=\"cq-accordioncover-item cq3\" data-image=\"http:\/\/acramedical.com\/web\/wp-content\/uploads\/2020\/12\/hp-mens-core-compressed.png\"><div class=\"cq-accordioncover-background\"><\/div><div class=\"cq-accordioncover-overlay\"><div class=\"cq-accordioncover-textcontainer\"><p class=\"cq-accordioncover-content\">Bienestar del cabello desde adentro para el equilibrio del hombre<\/p><\/div><\/div><\/div><div class=\"cq-accordioncover-item cq3\" data-image=\"http:\/\/acramedical.com\/web\/wp-content\/uploads\/2020\/12\/hp-womens-balance-compressed.png\"><div class=\"cq-accordioncover-background\"><\/div><div class=\"cq-accordioncover-overlay\"><div class=\"cq-accordioncover-textcontainer\"><p class=\"cq-accordioncover-content\">Bienestar del cabello desde adentro para el equilibrio de la mujer<\/p><\/div><\/div><\/div><div class=\"cq-accordioncover-item cq3\" data-image=\"http:\/\/acramedical.com\/web\/wp-content\/uploads\/2020\/12\/hp-womens-core-compressed.png\"><div class=\"cq-accordioncover-background\"><\/div><div class=\"cq-accordioncover-overlay\"><div class=\"cq-accordioncover-textcontainer\"><p class=\"cq-accordioncover-content\">Bienestar capilar desde dentro para mujeres<\/p><\/div><\/div><\/div><\/div>[vc_empty_space alter_height=&#8221;medium&#8221; hide_on_mobile=&#8221;&#8221;][\/vc_column][\/vc_row][vc_row][vc_column width=&#8221;1\/4&#8243;]<div id=\"sc_title_1918795626\"\n\t\tclass=\"sc_title color_style_default sc_title_default\"><h6 class=\"sc_item_subtitle sc_title_subtitle sc_align_left sc_item_title_style_default\">Alastin<\/h6><\/div><!-- \/.sc_title -->[vc_column_text]<\/p>\n<p style=\"text-align: left;\">HydraTint Pro Mineral de amplio espectro<\/p>\n<p><figure id=\"attachment_1714\" aria-describedby=\"caption-attachment-1714\" style=\"width: 226px\" class=\"wp-caption alignnone\"><img loading=\"lazy\" decoding=\"async\" class=\"wp-image-1714 size-medium\" src=\"http:\/\/acramedical.com\/web\/wp-content\/uploads\/2020\/12\/Alastin-226x300.png\" alt=\"\" width=\"226\" height=\"300\" srcset=\"http:\/\/acramedical.com\/web\/wp-content\/uploads\/2020\/12\/Alastin-226x300.png 226w, http:\/\/acramedical.com\/web\/wp-content\/uploads\/2020\/12\/Alastin-370x493.png 370w, http:\/\/acramedical.com\/web\/wp-content\/uploads\/2020\/12\/Alastin-300x400.png 300w, http:\/\/acramedical.com\/web\/wp-content\/uploads\/2020\/12\/Alastin.png 383w\" sizes=\"(max-width: 226px) 100vw, 226px\" \/><figcaption id=\"caption-attachment-1714\" class=\"wp-caption-text\">Protector solar SPF 36<\/figcaption><\/figure>[\/vc_column_text][\/vc_column][vc_column width=&#8221;1\/4&#8243;]<div id=\"sc_title_1883083185\"\n\t\tclass=\"sc_title color_style_default sc_title_default\"><h6 class=\"sc_item_subtitle sc_title_subtitle sc_align_left sc_item_title_style_default\">Neostrata<\/h6><\/div><!-- \/.sc_title -->[vc_column_text]Piel Activa<\/p>\n<p><figure id=\"attachment_1711\" aria-describedby=\"caption-attachment-1711\" style=\"width: 264px\" class=\"wp-caption alignnone\"><img loading=\"lazy\" decoding=\"async\" class=\"wp-image-1711 size-medium\" src=\"http:\/\/acramedical.com\/web\/wp-content\/uploads\/2020\/12\/NEOSTRATA-264x300.png\" alt=\"\" width=\"264\" height=\"300\" srcset=\"http:\/\/acramedical.com\/web\/wp-content\/uploads\/2020\/12\/NEOSTRATA-264x300.png 264w, http:\/\/acramedical.com\/web\/wp-content\/uploads\/2020\/12\/NEOSTRATA-370x420.png 370w, http:\/\/acramedical.com\/web\/wp-content\/uploads\/2020\/12\/NEOSTRATA.png 393w\" sizes=\"(max-width: 264px) 100vw, 264px\" \/><figcaption id=\"caption-attachment-1711\" class=\"wp-caption-text\">Terapia con suero para levantamiento<\/figcaption><\/figure>[\/vc_column_text][\/vc_column][vc_column width=&#8221;1\/4&#8243;]<div id=\"sc_title_1373930230\"\n\t\tclass=\"sc_title color_style_default sc_title_default\"><h6 class=\"sc_item_subtitle sc_title_subtitle sc_align_left sc_item_title_style_default\">Neova<\/h6><\/div><!-- \/.sc_title -->[vc_column_text]Silc Sheer 2.0<\/p>\n<figure id=\"attachment_1713\" aria-describedby=\"caption-attachment-1713\" style=\"width: 352px\" class=\"wp-caption alignnone\"><img loading=\"lazy\" decoding=\"async\" class=\"wp-image-1713\" src=\"http:\/\/acramedical.com\/web\/wp-content\/uploads\/2020\/12\/Neova-300x266.png\" alt=\"\" width=\"352\" height=\"312\" srcset=\"http:\/\/acramedical.com\/web\/wp-content\/uploads\/2020\/12\/Neova-300x266.png 300w, http:\/\/acramedical.com\/web\/wp-content\/uploads\/2020\/12\/Neova-370x328.png 370w, http:\/\/acramedical.com\/web\/wp-content\/uploads\/2020\/12\/Neova-410x363.png 410w, http:\/\/acramedical.com\/web\/wp-content\/uploads\/2020\/12\/Neova.png 476w\" sizes=\"(max-width: 352px) 100vw, 352px\" \/><figcaption id=\"caption-attachment-1713\" class=\"wp-caption-text\">Photo Finish Tint Amplio espectro SPF 40\u00a0<\/figcaption><\/figure>\n<p>&nbsp;[\/vc_column_text][\/vc_column][vc_column width=&#8221;1\/4&#8243;]<div id=\"sc_title_2109957947\"\n\t\tclass=\"sc_title color_style_default sc_title_default\"><h6 class=\"sc_item_subtitle sc_title_subtitle sc_align_left sc_item_title_style_default\">ISDIN Photo<\/h6><\/div><!-- \/.sc_title -->[vc_column_text]Eryfotona Actinica<\/p>\n<p><figure id=\"attachment_1712\" aria-describedby=\"caption-attachment-1712\" style=\"width: 300px\" class=\"wp-caption alignnone\"><img loading=\"lazy\" decoding=\"async\" class=\"wp-image-1712 size-medium\" src=\"http:\/\/acramedical.com\/web\/wp-content\/uploads\/2020\/12\/ISDIN-300x298.png\" alt=\"\" width=\"300\" height=\"298\" srcset=\"http:\/\/acramedical.com\/web\/wp-content\/uploads\/2020\/12\/ISDIN-300x298.png 300w, http:\/\/acramedical.com\/web\/wp-content\/uploads\/2020\/12\/ISDIN-150x150.png 150w, http:\/\/acramedical.com\/web\/wp-content\/uploads\/2020\/12\/ISDIN-370x368.png 370w, http:\/\/acramedical.com\/web\/wp-content\/uploads\/2020\/12\/ISDIN-410x407.png 410w, http:\/\/acramedical.com\/web\/wp-content\/uploads\/2020\/12\/ISDIN-100x100.png 100w, http:\/\/acramedical.com\/web\/wp-content\/uploads\/2020\/12\/ISDIN.png 471w\" sizes=\"(max-width: 300px) 100vw, 300px\" \/><figcaption id=\"caption-attachment-1712\" class=\"wp-caption-text\">Protector Solar mineral SPF 50+<\/figcaption><\/figure>[\/vc_column_text][\/vc_column][\/vc_row]<\/p>\n","protected":false},"excerpt":{"rendered":"<p>[vc_row][vc_column][vc_empty_space alter_height=&#8221;medium&#8221; hide_on_mobile=&#8221;&#8221;][vc_column_text]La vida puede ser desafiante. Las rutinas del cuidado de la piel tambi\u00e9n pueden ser un desaf\u00edo, pero no tienen porqu\u00e9 serlo.[\/vc_column_text][\/vc_column][\/vc_row][vc_row][vc_column][vc_column_text]\ufeff[\/vc_column_text][\/vc_column][\/vc_row][vc_row][vc_column][vc_empty_space alter_height=&#8221;medium&#8221; hide_on_mobile=&#8221;&#8221;][vc_column_text] Experimente la diferencia de SkinMedica\u00ae. Vea c\u00f3mo aprovechamos las propiedades curativas naturales de su piel para transformarla desde adentro hacia afuera. [\/vc_column_text][\/vc_column][\/vc_row][vc_row][vc_column][vc_empty_space alter_height=&#8221;medium&#8221; hide_on_mobile=&#8221;&#8221;][vc_column_text] Achieve Healthy, Beautiful Skin&#x2122; [\/vc_column_text][\/vc_column][\/vc_row][vc_row][vc_column][vc_empty_space alter_height=&#8221;medium&#8221; hide_on_mobile=&#8221;&#8221;][vc_column_text] Lo esencial. \u00a1El&hellip;<\/p>\n","protected":false},"author":1,"featured_media":0,"parent":0,"menu_order":0,"comment_status":"closed","ping_status":"closed","template":"","meta":{"footnotes":""},"class_list":["post-2044","page","type-page","status-publish","hentry"],"_links":{"self":[{"href":"http:\/\/acramedical.com\/web\/wp-json\/wp\/v2\/pages\/2044"}],"collection":[{"href":"http:\/\/acramedical.com\/web\/wp-json\/wp\/v2\/pages"}],"about":[{"href":"http:\/\/acramedical.com\/web\/wp-json\/wp\/v2\/types\/page"}],"author":[{"embeddable":true,"href":"http:\/\/acramedical.com\/web\/wp-json\/wp\/v2\/users\/1"}],"replies":[{"embeddable":true,"href":"http:\/\/acramedical.com\/web\/wp-json\/wp\/v2\/comments?post=2044"}],"version-history":[{"count":13,"href":"http:\/\/acramedical.com\/web\/wp-json\/wp\/v2\/pages\/2044\/revisions"}],"predecessor-version":[{"id":2057,"href":"http:\/\/acramedical.com\/web\/wp-json\/wp\/v2\/pages\/2044\/revisions\/2057"}],"wp:attachment":[{"href":"http:\/\/acramedical.com\/web\/wp-json\/wp\/v2\/media?parent=2044"}],"curies":[{"name":"wp","href":"https:\/\/api.w.org\/{rel}","templated":true}]}}