{"id":1993,"date":"2021-01-28T15:16:09","date_gmt":"2021-01-28T20:16:09","guid":{"rendered":"http:\/\/acramedical.com\/web\/?page_id=1993"},"modified":"2021-01-28T15:26:38","modified_gmt":"2021-01-28T20:26:38","slug":"hydrafacial-esp","status":"publish","type":"page","link":"http:\/\/acramedical.com\/web\/hydrafacial-esp\/","title":{"rendered":"HydraFacial MD\u00ae Esp"},"content":{"rendered":"<p>[vc_row content_placement=&#8221;middle&#8221;][vc_column width=&#8221;1\/2&#8243;]<div id=\"sc_title_1577405428\"\n\t\tclass=\"sc_title color_style_default sc_title_default\"><h6 class=\"sc_item_subtitle sc_title_subtitle sc_align_left sc_item_title_style_default\">HydraFacial MD \u00ae<\/h6><\/div><!-- \/.sc_title -->[vc_empty_space alter_height=&#8221;medium&#8221; hide_on_mobile=&#8221;&#8221;][vc_single_image image=&#8221;1796&#8243; img_size=&#8221;large&#8221; alignment=&#8221;center&#8221;][\/vc_column][vc_column width=&#8221;1\/2&#8243;][vc_empty_space hide_on_mobile=&#8221;&#8221;][vc_column_text]<\/p>\n<p style=\"text-align: justify;\">\u00a0 \u00a0 \u00a0El tratamiento HydraFacial MD\u00ae es el avance m\u00e1s reciente en el rejuvenecimiento de la piel sin l\u00e1ser. HydraFacial MD\u00ae es el \u00fanico procedimiento de hidrodermoabrasi\u00f3n que combina limpieza, exfoliaci\u00f3n, extracci\u00f3n, hidrataci\u00f3n y protecci\u00f3n antioxidante simult\u00e1neamente, lo que resulta en una piel m\u00e1s clara y hermosa sin molestias ni tiempo de inactividad.<\/p>\n<p>3 pasos. 30 minutos. La mejor piel de tu vida.<\/p>\n<p>| <strong><a class=\"vp-a vp-yt-type\" href=\"https:\/\/www.youtube.com\/watch?v=J-gDHTo4QqU\" data-autoplay=\"1\" data-dwrap=\"1\" data-ytid=\"J-gDHTo4QqU\">HydraFacial<\/a><\/strong>\u00a0|[\/vc_column_text][\/vc_column][\/vc_row][vc_row][vc_column][vc_empty_space hide_on_mobile=&#8221;&#8221;][\/vc_column][\/vc_row][vc_row][vc_column][vc_raw_html]JTNDaWZyYW1lJTIwd2lkdGglM0QlMjI1NjAlMjIlMjBoZWlnaHQlM0QlMjIzMTUlMjIlMjBzcmMlM0QlMjJodHRwcyUzQSUyRiUyRnd3dy55b3V0dWJlLmNvbSUyRmVtYmVkJTJGSi1nREhUbzRRcVUlM0Zjb250cm9scyUzRDAlMjIlMjBmcmFtZWJvcmRlciUzRCUyMjAlMjIlMjBhbGxvdyUzRCUyMmFjY2VsZXJvbWV0ZXIlM0IlMjBhdXRvcGxheSUzQiUyMGNsaXBib2FyZC13cml0ZSUzQiUyMGVuY3J5cHRlZC1tZWRpYSUzQiUyMGd5cm9zY29wZSUzQiUyMHBpY3R1cmUtaW4tcGljdHVyZSUyMiUyMGFsbG93ZnVsbHNjcmVlbiUzRSUzQyUyRmlmcmFtZSUzRQ==[\/vc_raw_html][\/vc_column][\/vc_row]<\/p>\n","protected":false},"excerpt":{"rendered":"<p>[vc_row content_placement=&#8221;middle&#8221;][vc_column width=&#8221;1\/2&#8243;][vc_empty_space alter_height=&#8221;medium&#8221; hide_on_mobile=&#8221;&#8221;][vc_single_image image=&#8221;1796&#8243; img_size=&#8221;large&#8221; alignment=&#8221;center&#8221;][\/vc_column][vc_column width=&#8221;1\/2&#8243;][vc_empty_space hide_on_mobile=&#8221;&#8221;][vc_column_text] \u00a0 \u00a0 \u00a0El tratamiento HydraFacial MD\u00ae es el avance m\u00e1s reciente en el rejuvenecimiento de la piel sin l\u00e1ser. HydraFacial MD\u00ae es el \u00fanico procedimiento de hidrodermoabrasi\u00f3n que combina limpieza, exfoliaci\u00f3n, extracci\u00f3n, hidrataci\u00f3n y protecci\u00f3n antioxidante simult\u00e1neamente, lo que resulta en una piel m\u00e1s clara y hermosa sin molestias ni&hellip;<\/p>\n","protected":false},"author":1,"featured_media":0,"parent":0,"menu_order":0,"comment_status":"closed","ping_status":"closed","template":"","meta":{"footnotes":""},"class_list":["post-1993","page","type-page","status-publish","hentry"],"_links":{"self":[{"href":"http:\/\/acramedical.com\/web\/wp-json\/wp\/v2\/pages\/1993"}],"collection":[{"href":"http:\/\/acramedical.com\/web\/wp-json\/wp\/v2\/pages"}],"about":[{"href":"http:\/\/acramedical.com\/web\/wp-json\/wp\/v2\/types\/page"}],"author":[{"embeddable":true,"href":"http:\/\/acramedical.com\/web\/wp-json\/wp\/v2\/users\/1"}],"replies":[{"embeddable":true,"href":"http:\/\/acramedical.com\/web\/wp-json\/wp\/v2\/comments?post=1993"}],"version-history":[{"count":2,"href":"http:\/\/acramedical.com\/web\/wp-json\/wp\/v2\/pages\/1993\/revisions"}],"predecessor-version":[{"id":1998,"href":"http:\/\/acramedical.com\/web\/wp-json\/wp\/v2\/pages\/1993\/revisions\/1998"}],"wp:attachment":[{"href":"http:\/\/acramedical.com\/web\/wp-json\/wp\/v2\/media?parent=1993"}],"curies":[{"name":"wp","href":"https:\/\/api.w.org\/{rel}","templated":true}]}}