{"id":1991,"date":"2021-01-28T15:13:57","date_gmt":"2021-01-28T20:13:57","guid":{"rendered":"http:\/\/acramedical.com\/web\/?page_id=1991"},"modified":"2021-01-28T15:27:03","modified_gmt":"2021-01-28T20:27:03","slug":"botox-2","status":"publish","type":"page","link":"http:\/\/acramedical.com\/web\/botox-2\/","title":{"rendered":"Botox Esp"},"content":{"rendered":"<p>[vc_row content_placement=&#8221;middle&#8221;][vc_column width=&#8221;1\/2&#8243;]<div id=\"sc_title_335538813\"\n\t\tclass=\"sc_title color_style_default sc_title_default\"><h6 class=\"sc_item_subtitle sc_title_subtitle sc_align_left sc_item_title_style_default\">Botulinum Inyectable<\/h6><\/div><!-- \/.sc_title -->[vc_empty_space alter_height=&#8221;medium&#8221; hide_on_mobile=&#8221;&#8221;][vc_single_image image=&#8221;1811&#8243; img_size=&#8221;large&#8221; alignment=&#8221;center&#8221;][\/vc_column][vc_column width=&#8221;1\/2&#8243;][vc_empty_space hide_on_mobile=&#8221;&#8221;][vc_column_text]<\/p>\n<p style=\"text-align: justify;\">\u00a0 \u00a0\u00a0 La forma cosm\u00e9tica de la toxina botul\u00ednica, a menudo referida por su nombre de producto BOTOX\u00ae, es una inyecci\u00f3n no quir\u00fargica popular que reduce o elimina temporalmente las l\u00edneas de expresi\u00f3n, las arrugas de la frente, las patas de gallo cerca de los ojos y las bandas gruesas en el cuello. La toxina bloquea los impulsos nerviosos, paralizando temporalmente los m\u00fasculos que causan las arrugas mientras le da a la piel una apariencia m\u00e1s suave y fresca. Los estudios tambi\u00e9n han sugerido que el botul\u00ednico es eficaz para aliviar las migra\u00f1as, la sudoraci\u00f3n excesiva y los espasmos musculares en el cuello y los ojos.<\/p>\n<p>&nbsp;<\/p>\n<p><strong>| <a class=\"vp-a vp-yt-type\" href=\"https:\/\/www.youtube.com\/watch?v=uSjIfBNwvYw\" data-autoplay=\"1\" data-ytid=\"uSjIfBNwvYw\">Botox <\/a>| <a class=\"vp-a vp-yt-type\" href=\"https:\/\/www.youtube.com\/watch?v=pJG7HbsFLO4\" data-autoplay=\"1\" data-ytid=\"pJG7HbsFLO4\">Xeomin<\/a>\u00a0| <a class=\"vp-a vp-yt-type\" href=\"https:\/\/www.youtube.com\/watch?v=mMHPOQbROJ0\" data-autoplay=\"1\" data-ytid=\"mMHPOQbROJ0\">Dysport<\/a> | ver videos<\/strong>[\/vc_column_text][\/vc_column][\/vc_row][vc_row][vc_column][vc_empty_space alter_height=&#8221;medium&#8221; hide_on_mobile=&#8221;&#8221;][\/vc_column][\/vc_row][vc_row][vc_column][vc_column_text]<\/p>\n<p style=\"text-align: justify;\">\u00a0 \u00a0 <strong>BOTOX\u00ae\u00a0Cosmetic<\/strong> es un medicamento recetado que se inyecta en los m\u00fasculos y se usa para mejorar temporalmente la apariencia de l\u00edneas de expresi\u00f3n en la frente, los ojos y el entrecejo en adultos.<\/p>\n<p><iframe loading=\"lazy\" src=\"https:\/\/www.youtube.com\/embed\/uSjIfBNwvYw?controls=0\" width=\"560\" height=\"315\" frameborder=\"0\" allowfullscreen=\"allowfullscreen\"><\/iframe><\/p>\n<p>&nbsp;<\/p>\n<p><strong>\u00a0 \u00a0 \u00a0XEOMIN\u00ae<\/strong> es un medicamento recetado que se inyecta en los m\u00fasculos y se usa para mejorar el aspecto de las l\u00edneas de expresi\u00f3n moderadas a severas entre las cejas (l\u00edneas glabelares) en adultos durante un per\u00edodo corto de tiempo.<\/p>\n<p><iframe loading=\"lazy\" src=\"https:\/\/www.youtube.com\/embed\/pJG7HbsFLO4?controls=0\" width=\"560\" height=\"315\" frameborder=\"0\" allowfullscreen=\"allowfullscreen\"><\/iframe><\/p>\n<p>&nbsp;<\/p>\n<div>\u00a0 \u00a0 <strong>Dysport<\/strong> es una inyecci\u00f3n recetada para mejorar temporalmente el aspecto de las l\u00edneas de expresi\u00f3n entre las cejas (l\u00edneas glabelares) en adultos.<\/div>\n<p><iframe loading=\"lazy\" src=\"https:\/\/www.youtube.com\/embed\/mMHPOQbROJ0?controls=0\" width=\"560\" height=\"315\" frameborder=\"0\" allowfullscreen=\"allowfullscreen\"><\/iframe>[\/vc_column_text][\/vc_column][\/vc_row]<\/p>\n","protected":false},"excerpt":{"rendered":"<p>[vc_row content_placement=&#8221;middle&#8221;][vc_column width=&#8221;1\/2&#8243;][vc_empty_space alter_height=&#8221;medium&#8221; hide_on_mobile=&#8221;&#8221;][vc_single_image image=&#8221;1811&#8243; img_size=&#8221;large&#8221; alignment=&#8221;center&#8221;][\/vc_column][vc_column width=&#8221;1\/2&#8243;][vc_empty_space hide_on_mobile=&#8221;&#8221;][vc_column_text] \u00a0 \u00a0\u00a0 La forma cosm\u00e9tica de la toxina botul\u00ednica, a menudo referida por su nombre de producto BOTOX\u00ae, es una inyecci\u00f3n no quir\u00fargica popular que reduce o elimina temporalmente las l\u00edneas de expresi\u00f3n, las arrugas de la frente, las patas de gallo cerca de los ojos y las bandas gruesas&hellip;<\/p>\n","protected":false},"author":1,"featured_media":0,"parent":0,"menu_order":0,"comment_status":"closed","ping_status":"closed","template":"","meta":{"footnotes":""},"class_list":["post-1991","page","type-page","status-publish","hentry"],"_links":{"self":[{"href":"http:\/\/acramedical.com\/web\/wp-json\/wp\/v2\/pages\/1991"}],"collection":[{"href":"http:\/\/acramedical.com\/web\/wp-json\/wp\/v2\/pages"}],"about":[{"href":"http:\/\/acramedical.com\/web\/wp-json\/wp\/v2\/types\/page"}],"author":[{"embeddable":true,"href":"http:\/\/acramedical.com\/web\/wp-json\/wp\/v2\/users\/1"}],"replies":[{"embeddable":true,"href":"http:\/\/acramedical.com\/web\/wp-json\/wp\/v2\/comments?post=1991"}],"version-history":[{"count":2,"href":"http:\/\/acramedical.com\/web\/wp-json\/wp\/v2\/pages\/1991\/revisions"}],"predecessor-version":[{"id":1999,"href":"http:\/\/acramedical.com\/web\/wp-json\/wp\/v2\/pages\/1991\/revisions\/1999"}],"wp:attachment":[{"href":"http:\/\/acramedical.com\/web\/wp-json\/wp\/v2\/media?parent=1991"}],"curies":[{"name":"wp","href":"https:\/\/api.w.org\/{rel}","templated":true}]}}