{"id":1984,"date":"2021-01-28T14:55:31","date_gmt":"2021-01-28T19:55:31","guid":{"rendered":"http:\/\/acramedical.com\/web\/?page_id=1984"},"modified":"2021-01-28T15:27:16","modified_gmt":"2021-01-28T20:27:16","slug":"laser-facials-2","status":"publish","type":"page","link":"http:\/\/acramedical.com\/web\/laser-facials-2\/","title":{"rendered":"Laser Facials Esp"},"content":{"rendered":"<p>[vc_row content_placement=&#8221;middle&#8221;][vc_column width=&#8221;1\/2&#8243;]<div id=\"sc_title_1688417528\"\n\t\tclass=\"sc_title color_style_default sc_title_default\"><h6 class=\"sc_item_subtitle sc_title_subtitle sc_align_left sc_item_title_style_default\">Tratamientos L\u00e1ser.<\/h6><\/div><!-- \/.sc_title -->[vc_empty_space alter_height=&#8221;medium&#8221; hide_on_mobile=&#8221;&#8221;][vc_single_image image=&#8221;1815&#8243; img_size=&#8221;large&#8221; alignment=&#8221;center&#8221;][vc_empty_space alter_height=&#8221;medium&#8221; hide_on_mobile=&#8221;&#8221;][\/vc_column][vc_column width=&#8221;1\/2&#8243;][vc_empty_space hide_on_mobile=&#8221;&#8221;][vc_column_text]<\/p>\n<p style=\"text-align: justify;\">\u00a0 \u00a0\u00a0 Los l\u00e1seres Candela son excelentes para el tratamiento de una variedad de afecciones de la piel, incluido el tratamiento del acn\u00e9 y las cicatrices del acn\u00e9, la reducci\u00f3n de las l\u00edneas finas y las arrugas, la eliminaci\u00f3n permanente del vello, el aclaramiento de las lesiones pigmentadas y los tatuajes y el tratamiento de enfermedades como la psoriasis y la ros\u00e1cea.<\/p>\n<p>&nbsp;<\/p>\n<p style=\"text-align: justify;\"><strong><a href=\"https:\/\/candelamedical.com\/na\/patient\/product\/picoway\" target=\"_blank\" rel=\"noopener noreferrer\">PicoWay<\/a>\u00a0| <\/strong><strong><span class=\"Apple-converted-space\"><a class=\"vp-a vp-yt-type\" href=\"https:\/\/www.youtube.com\/watch?v=R8LfhUUuDNU\" data-autoplay=\"1\" data-ytid=\"R8LfhUUuDNU\">Picoway\u00a0Resolve<\/a>\u00a0 |\u00a0<\/span><\/strong><strong><a class=\"vp-a vp-yt-type\" href=\"https:\/\/www.youtube.com\/watch?v=Hn3zZ619Dm4\" data-autoplay=\"1\" data-ytid=\"Hn3zZ619Dm4\">Exilis Ultra<\/a>\u00a0|<\/strong><\/p>\n<p style=\"text-align: justify;\"><strong>|\u00a0<\/strong><strong><a href=\"https:\/\/candelamedical.com\/na\/provider\/product\/etwo\">Ematrix (eTwo)<\/a>\u00a0 |\u00a0<\/strong><a class=\"vp-a vp-yt-type\" href=\"https:\/\/www.youtube.com\/watch?v=Yqmb_08UQNw\" data-autoplay=\"1\" data-ytid=\"Yqmb_08UQNw\"><strong>GentleMax Pro |<\/strong><\/a><\/p>\n<p>[\/vc_column_text][\/vc_column][\/vc_row][vc_row][vc_column][vc_empty_space hide_on_mobile=&#8221;&#8221;][vc_column_text]<\/p>\n<p style=\"text-align: justify;\"><strong>\u00a0 \u00a0\u00a0 <a href=\"https:\/\/candelamedical.com\/na\/patient\/product\/picoway\" target=\"_blank\" rel=\"noopener noreferrer\">PicoWay<\/a> <\/strong>ies un l\u00e1ser de picosegundos aprobado por la FDA que trata las cicatrices del acn\u00e9, las arrugas, las lesiones pigmentadas benignas (manchas oscuras) y la eliminaci\u00f3n de tatuajes. <span lang=\"ES\">PicoWay<\/span><span lang=\"ES\">\u00a0se hizo conocido por primera vez por sus capacidades de eliminaci\u00f3n de tatuajes y pigmentos, pero ahora se est\u00e1 utilizando cada vez m\u00e1s para las cicatrices y arrugas del acn\u00e9.<\/span><\/p>\n<p style=\"text-align: justify;\"><strong><span class=\"Apple-converted-space\"><img loading=\"lazy\" decoding=\"async\" class=\"alignnone wp-image-1897 size-large\" src=\"http:\/\/acramedical.com\/web\/wp-content\/uploads\/2020\/12\/picoway-1024x353.jpg\" alt=\"\" width=\"1024\" height=\"353\" srcset=\"http:\/\/acramedical.com\/web\/wp-content\/uploads\/2020\/12\/picoway-1024x353.jpg 1024w, http:\/\/acramedical.com\/web\/wp-content\/uploads\/2020\/12\/picoway-300x104.jpg 300w, http:\/\/acramedical.com\/web\/wp-content\/uploads\/2020\/12\/picoway-768x265.jpg 768w, http:\/\/acramedical.com\/web\/wp-content\/uploads\/2020\/12\/picoway-370x128.jpg 370w, http:\/\/acramedical.com\/web\/wp-content\/uploads\/2020\/12\/picoway-760x262.jpg 760w, http:\/\/acramedical.com\/web\/wp-content\/uploads\/2020\/12\/picoway-410x141.jpg 410w, http:\/\/acramedical.com\/web\/wp-content\/uploads\/2020\/12\/picoway.jpg 1371w\" sizes=\"(max-width: 1024px) 100vw, 1024px\" \/><\/span><\/strong><\/p>\n<p>&nbsp;<\/p>\n<p style=\"text-align: justify;\"><strong><span class=\"Apple-converted-space\"><a class=\"vp-a vp-yt-type\" href=\"https:\/\/www.youtube.com\/watch?v=R8LfhUUuDNU\" data-autoplay=\"1\" data-ytid=\"R8LfhUUuDNU\">\u00a0 \u00a0 \u00a0Picoway\u00a0Resolve<\/a> <\/span><\/strong>es un l\u00e1ser de picosegundos ultracorto que llega por debajo de la superficie de la piel para estimular la producci\u00f3n de col\u00e1geno y elastina, sin romper la capa m\u00e1s externa de la piel. En los estudios cl\u00ednicos, el 94% de las \u00e1reas tratadas mejoraron y los pacientes estaban muy satisfechos con los resultados.<\/p>\n<p style=\"text-align: justify;\"><strong><img loading=\"lazy\" decoding=\"async\" class=\"alignnone size-large wp-image-1864\" src=\"http:\/\/acramedical.com\/web\/wp-content\/uploads\/2020\/12\/Screen-Shot-2020-12-10-at-8.10.58-PM-1024x458.png\" alt=\"\" width=\"1024\" height=\"458\" srcset=\"http:\/\/acramedical.com\/web\/wp-content\/uploads\/2020\/12\/Screen-Shot-2020-12-10-at-8.10.58-PM-1024x458.png 1024w, http:\/\/acramedical.com\/web\/wp-content\/uploads\/2020\/12\/Screen-Shot-2020-12-10-at-8.10.58-PM-300x134.png 300w, http:\/\/acramedical.com\/web\/wp-content\/uploads\/2020\/12\/Screen-Shot-2020-12-10-at-8.10.58-PM-768x344.png 768w, http:\/\/acramedical.com\/web\/wp-content\/uploads\/2020\/12\/Screen-Shot-2020-12-10-at-8.10.58-PM-370x166.png 370w, http:\/\/acramedical.com\/web\/wp-content\/uploads\/2020\/12\/Screen-Shot-2020-12-10-at-8.10.58-PM-760x340.png 760w, http:\/\/acramedical.com\/web\/wp-content\/uploads\/2020\/12\/Screen-Shot-2020-12-10-at-8.10.58-PM-410x183.png 410w, http:\/\/acramedical.com\/web\/wp-content\/uploads\/2020\/12\/Screen-Shot-2020-12-10-at-8.10.58-PM.png 1361w\" sizes=\"(max-width: 1024px) 100vw, 1024px\" \/><\/strong><\/p>\n<p>&nbsp;<\/p>\n<p style=\"text-align: justify;\"><strong><a class=\"vp-a vp-yt-type\" href=\"https:\/\/www.youtube.com\/watch?v=Hn3zZ619Dm4\" data-autoplay=\"1\" data-ytid=\"Hn3zZ619Dm4\">\u00a0 \u00a0 \u00a0Exilis Ultra<\/a> <\/strong><span class=\"Apple-converted-space\">\u00a0est\u00e1 dise\u00f1ado para uso en procedimientos dermatol\u00f3gicos y quir\u00fargicos generales no invasivos como el tratamiento de arrugas, reducci\u00f3n temporal de la celulitis y para proporcionar calor para alivio temporal del dolor y aumento de la circulaci\u00f3n local.<\/span><\/p>\n<p style=\"text-align: justify;\"><strong><img loading=\"lazy\" decoding=\"async\" class=\"alignnone size-large wp-image-1865\" src=\"http:\/\/acramedical.com\/web\/wp-content\/uploads\/2020\/12\/Screen-Shot-2020-12-10-at-8.12.50-PM-1024x440.png\" alt=\"\" width=\"1024\" height=\"440\" srcset=\"http:\/\/acramedical.com\/web\/wp-content\/uploads\/2020\/12\/Screen-Shot-2020-12-10-at-8.12.50-PM-1024x440.png 1024w, http:\/\/acramedical.com\/web\/wp-content\/uploads\/2020\/12\/Screen-Shot-2020-12-10-at-8.12.50-PM-300x129.png 300w, http:\/\/acramedical.com\/web\/wp-content\/uploads\/2020\/12\/Screen-Shot-2020-12-10-at-8.12.50-PM-768x330.png 768w, http:\/\/acramedical.com\/web\/wp-content\/uploads\/2020\/12\/Screen-Shot-2020-12-10-at-8.12.50-PM-370x159.png 370w, http:\/\/acramedical.com\/web\/wp-content\/uploads\/2020\/12\/Screen-Shot-2020-12-10-at-8.12.50-PM-760x327.png 760w, http:\/\/acramedical.com\/web\/wp-content\/uploads\/2020\/12\/Screen-Shot-2020-12-10-at-8.12.50-PM-410x176.png 410w, http:\/\/acramedical.com\/web\/wp-content\/uploads\/2020\/12\/Screen-Shot-2020-12-10-at-8.12.50-PM.png 1414w\" sizes=\"(max-width: 1024px) 100vw, 1024px\" \/><\/strong><\/p>\n<p>&nbsp;<\/p>\n<p style=\"text-align: justify;\"><strong><a href=\"https:\/\/candelamedical.com\/na\/provider\/product\/etwo\">\u00a0 \u00a0 \u00a0Ematrix (eTwo)<\/a>\u00a0\u00a0<\/strong>Proporciona un tratamiento antiarrugas no invasivo. Utiliza el sistema el\u014ds\u00ae para combinar niveles de luz infrarroja (IR) y energ\u00edas de radiofrecuencia (RF) bipolares para remodelar la capa d\u00e9rmica profunda de la piel estimulando el crecimiento de col\u00e1geno nuevo. Este calentamiento predecible de la dermis profunda estimula y acorta las fibras de col\u00e1geno envejecidas, lo que resulta en una mejora inmediata y a largo plazo de las arrugas.<\/p>\n<p style=\"text-align: justify;\"><strong><img loading=\"lazy\" decoding=\"async\" class=\"alignnone wp-image-1913 size-large\" src=\"http:\/\/acramedical.com\/web\/wp-content\/uploads\/2021\/01\/etwo-1024x353.jpg\" alt=\"\" width=\"1024\" height=\"353\" srcset=\"http:\/\/acramedical.com\/web\/wp-content\/uploads\/2021\/01\/etwo-1024x353.jpg 1024w, http:\/\/acramedical.com\/web\/wp-content\/uploads\/2021\/01\/etwo-300x104.jpg 300w, http:\/\/acramedical.com\/web\/wp-content\/uploads\/2021\/01\/etwo-768x265.jpg 768w, http:\/\/acramedical.com\/web\/wp-content\/uploads\/2021\/01\/etwo-370x128.jpg 370w, http:\/\/acramedical.com\/web\/wp-content\/uploads\/2021\/01\/etwo-760x262.jpg 760w, http:\/\/acramedical.com\/web\/wp-content\/uploads\/2021\/01\/etwo-410x141.jpg 410w, http:\/\/acramedical.com\/web\/wp-content\/uploads\/2021\/01\/etwo.jpg 1371w\" sizes=\"(max-width: 1024px) 100vw, 1024px\" \/><\/strong><\/p>\n<p>&nbsp;<\/p>\n<p style=\"text-align: justify;\"><a class=\"vp-a vp-yt-type\" href=\"https:\/\/www.youtube.com\/watch?v=Yqmb_08UQNw\" data-autoplay=\"1\" data-ytid=\"Yqmb_08UQNw\"><strong>\u00a0 \u00a0 \u00a0 GentleMax Pro<\/strong><\/a> es el est\u00e1ndar de oro en depilaci\u00f3n l\u00e1ser. El l\u00e1ser de depilaci\u00f3n suave se dirige al fol\u00edculo piloso desde la ra\u00edz, proporcionando una explosi\u00f3n de energ\u00eda y calor terap\u00e9utico para proporcionar una reducci\u00f3n permanente del vello a lo largo de pocos tratamientos. En tiempos de tratamiento adicionales s\u00faper r\u00e1pidos, la depilaci\u00f3n suave garantiza la comodidad a trav\u00e9s de su dispositivo de enfriamiento din\u00e1mico patentado &#x2122;, que utiliza r\u00e1fagas de enfriamiento de cri\u00f3geno l\u00edquido para el tratamiento de depilaci\u00f3n l\u00e1ser suave disponible en la actualidad.<\/p>\n<p><img loading=\"lazy\" decoding=\"async\" class=\"alignnone size-large wp-image-1867\" src=\"http:\/\/acramedical.com\/web\/wp-content\/uploads\/2020\/12\/Screen-Shot-2020-12-10-at-8.19.40-PM-1024x491.png\" alt=\"\" width=\"1024\" height=\"491\" srcset=\"http:\/\/acramedical.com\/web\/wp-content\/uploads\/2020\/12\/Screen-Shot-2020-12-10-at-8.19.40-PM-1024x491.png 1024w, http:\/\/acramedical.com\/web\/wp-content\/uploads\/2020\/12\/Screen-Shot-2020-12-10-at-8.19.40-PM-300x144.png 300w, http:\/\/acramedical.com\/web\/wp-content\/uploads\/2020\/12\/Screen-Shot-2020-12-10-at-8.19.40-PM-768x368.png 768w, http:\/\/acramedical.com\/web\/wp-content\/uploads\/2020\/12\/Screen-Shot-2020-12-10-at-8.19.40-PM-370x177.png 370w, http:\/\/acramedical.com\/web\/wp-content\/uploads\/2020\/12\/Screen-Shot-2020-12-10-at-8.19.40-PM-230x111.png 230w, http:\/\/acramedical.com\/web\/wp-content\/uploads\/2020\/12\/Screen-Shot-2020-12-10-at-8.19.40-PM-760x364.png 760w, http:\/\/acramedical.com\/web\/wp-content\/uploads\/2020\/12\/Screen-Shot-2020-12-10-at-8.19.40-PM-410x197.png 410w, http:\/\/acramedical.com\/web\/wp-content\/uploads\/2020\/12\/Screen-Shot-2020-12-10-at-8.19.40-PM.png 1366w\" sizes=\"(max-width: 1024px) 100vw, 1024px\" \/><\/p>\n<p>El \u00e9xito se basa en dos d\u00e9cadas de innovaci\u00f3n.[\/vc_column_text][\/vc_column][vc_column][\/vc_column][\/vc_row]<\/p>\n","protected":false},"excerpt":{"rendered":"<p>[vc_row content_placement=&#8221;middle&#8221;][vc_column width=&#8221;1\/2&#8243;][vc_empty_space alter_height=&#8221;medium&#8221; hide_on_mobile=&#8221;&#8221;][vc_single_image image=&#8221;1815&#8243; img_size=&#8221;large&#8221; alignment=&#8221;center&#8221;][vc_empty_space alter_height=&#8221;medium&#8221; hide_on_mobile=&#8221;&#8221;][\/vc_column][vc_column width=&#8221;1\/2&#8243;][vc_empty_space hide_on_mobile=&#8221;&#8221;][vc_column_text] \u00a0 \u00a0\u00a0 Los l\u00e1seres Candela son excelentes para el tratamiento de una variedad de afecciones de la piel, incluido el tratamiento del acn\u00e9 y las cicatrices del acn\u00e9, la reducci\u00f3n de las l\u00edneas finas y las arrugas, la eliminaci\u00f3n permanente del vello, el aclaramiento de las lesiones pigmentadas&hellip;<\/p>\n","protected":false},"author":1,"featured_media":0,"parent":0,"menu_order":0,"comment_status":"closed","ping_status":"closed","template":"","meta":{"footnotes":""},"class_list":["post-1984","page","type-page","status-publish","hentry"],"_links":{"self":[{"href":"http:\/\/acramedical.com\/web\/wp-json\/wp\/v2\/pages\/1984"}],"collection":[{"href":"http:\/\/acramedical.com\/web\/wp-json\/wp\/v2\/pages"}],"about":[{"href":"http:\/\/acramedical.com\/web\/wp-json\/wp\/v2\/types\/page"}],"author":[{"embeddable":true,"href":"http:\/\/acramedical.com\/web\/wp-json\/wp\/v2\/users\/1"}],"replies":[{"embeddable":true,"href":"http:\/\/acramedical.com\/web\/wp-json\/wp\/v2\/comments?post=1984"}],"version-history":[{"count":4,"href":"http:\/\/acramedical.com\/web\/wp-json\/wp\/v2\/pages\/1984\/revisions"}],"predecessor-version":[{"id":2000,"href":"http:\/\/acramedical.com\/web\/wp-json\/wp\/v2\/pages\/1984\/revisions\/2000"}],"wp:attachment":[{"href":"http:\/\/acramedical.com\/web\/wp-json\/wp\/v2\/media?parent=1984"}],"curies":[{"name":"wp","href":"https:\/\/api.w.org\/{rel}","templated":true}]}}