{"id":1982,"date":"2021-01-28T14:53:36","date_gmt":"2021-01-28T19:53:36","guid":{"rendered":"http:\/\/acramedical.com\/web\/?page_id=1982"},"modified":"2021-01-28T15:27:26","modified_gmt":"2021-01-28T20:27:26","slug":"hair-removal-2","status":"publish","type":"page","link":"http:\/\/acramedical.com\/web\/hair-removal-2\/","title":{"rendered":"Hair Removal Esp"},"content":{"rendered":"<p>[vc_row content_placement=&#8221;middle&#8221;][vc_column width=&#8221;1\/2&#8243;]<div id=\"sc_title_143792424\"\n\t\tclass=\"sc_title color_style_default sc_title_default\"><h6 class=\"sc_item_subtitle sc_title_subtitle sc_align_left sc_item_title_style_default\">Depilaci\u00f3n L\u00e1ser<\/h6><\/div><!-- \/.sc_title -->[vc_empty_space alter_height=&#8221;medium&#8221; hide_on_mobile=&#8221;&#8221;][vc_single_image image=&#8221;1804&#8243; img_size=&#8221;large&#8221; alignment=&#8221;center&#8221;][\/vc_column][vc_column width=&#8221;1\/2&#8243;][vc_empty_space hide_on_mobile=&#8221;&#8221;][vc_column_text]<\/p>\n<p style=\"text-align: justify;\">\u00a0 \u00a0 El l\u00e1ser de depilaci\u00f3n suave se dirige al fol\u00edculo piloso desde la ra\u00edz, proporcionando una explosi\u00f3n de energ\u00eda y calor terap\u00e9utico para proporcionar una reducci\u00f3n permanente del vello a lo largo de unos pocos tratamientos. En tiempos de tratamiento adicionales s\u00faper r\u00e1pidos, la depilaci\u00f3n suave garantiza la comodidad a trav\u00e9s de su dispositivo de enfriamiento din\u00e1mico patentado &#x2122;, que utiliza r\u00e1fagas de enfriamiento de cri\u00f3geno l\u00edquido para el tratamiento de depilaci\u00f3n l\u00e1ser suave disponible en la actualidad.<\/p>\n<p><strong>| <a class=\"vp-a vp-yt-type\" href=\"https:\/\/www.youtube.com\/watch?v=Yqmb_08UQNw\" data-autoplay=\"1\" data-dwrap=\"1\" data-ytid=\"Yqmb_08UQNw\">GentleMax Pro<\/a>\u00a0|<\/strong><b><\/b><b><\/b>[\/vc_column_text][\/vc_column][\/vc_row][vc_row][vc_column][vc_empty_space hide_on_mobile=&#8221;&#8221;][\/vc_column][\/vc_row][vc_row][vc_column][vc_raw_html]JTNDaWZyYW1lJTIwd2lkdGglM0QlMjI1NjAlMjIlMjBoZWlnaHQlM0QlMjIzMTUlMjIlMjBzcmMlM0QlMjJodHRwcyUzQSUyRiUyRnd3dy55b3V0dWJlLmNvbSUyRmVtYmVkJTJGWXFtYl8wOFVRTnclM0Zjb250cm9scyUzRDAlMjIlMjBmcmFtZWJvcmRlciUzRCUyMjAlMjIlMjBhbGxvdyUzRCUyMmFjY2VsZXJvbWV0ZXIlM0IlMjBhdXRvcGxheSUzQiUyMGNsaXBib2FyZC13cml0ZSUzQiUyMGVuY3J5cHRlZC1tZWRpYSUzQiUyMGd5cm9zY29wZSUzQiUyMHBpY3R1cmUtaW4tcGljdHVyZSUyMiUyMGFsbG93ZnVsbHNjcmVlbiUzRSUzQyUyRmlmcmFtZSUzRQ==[\/vc_raw_html][\/vc_column][\/vc_row]<\/p>\n","protected":false},"excerpt":{"rendered":"<p>[vc_row content_placement=&#8221;middle&#8221;][vc_column width=&#8221;1\/2&#8243;][vc_empty_space alter_height=&#8221;medium&#8221; hide_on_mobile=&#8221;&#8221;][vc_single_image image=&#8221;1804&#8243; img_size=&#8221;large&#8221; alignment=&#8221;center&#8221;][\/vc_column][vc_column width=&#8221;1\/2&#8243;][vc_empty_space hide_on_mobile=&#8221;&#8221;][vc_column_text] \u00a0 \u00a0 El l\u00e1ser de depilaci\u00f3n suave se dirige al fol\u00edculo piloso desde la ra\u00edz, proporcionando una explosi\u00f3n de energ\u00eda y calor terap\u00e9utico para proporcionar una reducci\u00f3n permanente del vello a lo largo de unos pocos tratamientos. En tiempos de tratamiento adicionales s\u00faper r\u00e1pidos, la depilaci\u00f3n suave garantiza la comodidad&hellip;<\/p>\n","protected":false},"author":1,"featured_media":0,"parent":0,"menu_order":0,"comment_status":"closed","ping_status":"closed","template":"","meta":{"footnotes":""},"class_list":["post-1982","page","type-page","status-publish","hentry"],"_links":{"self":[{"href":"http:\/\/acramedical.com\/web\/wp-json\/wp\/v2\/pages\/1982"}],"collection":[{"href":"http:\/\/acramedical.com\/web\/wp-json\/wp\/v2\/pages"}],"about":[{"href":"http:\/\/acramedical.com\/web\/wp-json\/wp\/v2\/types\/page"}],"author":[{"embeddable":true,"href":"http:\/\/acramedical.com\/web\/wp-json\/wp\/v2\/users\/1"}],"replies":[{"embeddable":true,"href":"http:\/\/acramedical.com\/web\/wp-json\/wp\/v2\/comments?post=1982"}],"version-history":[{"count":2,"href":"http:\/\/acramedical.com\/web\/wp-json\/wp\/v2\/pages\/1982\/revisions"}],"predecessor-version":[{"id":2001,"href":"http:\/\/acramedical.com\/web\/wp-json\/wp\/v2\/pages\/1982\/revisions\/2001"}],"wp:attachment":[{"href":"http:\/\/acramedical.com\/web\/wp-json\/wp\/v2\/media?parent=1982"}],"curies":[{"name":"wp","href":"https:\/\/api.w.org\/{rel}","templated":true}]}}