{"id":1977,"date":"2021-01-28T14:48:57","date_gmt":"2021-01-28T19:48:57","guid":{"rendered":"http:\/\/acramedical.com\/web\/?page_id=1977"},"modified":"2021-01-29T11:56:17","modified_gmt":"2021-01-29T16:56:17","slug":"body-treatments-2","status":"publish","type":"page","link":"http:\/\/acramedical.com\/web\/body-treatments-2\/","title":{"rendered":"Tratamientos para el Cuerpo"},"content":{"rendered":"<p>[vc_row content_placement=&#8221;middle&#8221;][vc_column width=&#8221;1\/2&#8243;]<div id=\"sc_title_658429464\"\n\t\tclass=\"sc_title color_style_default sc_title_default\"><h6 class=\"sc_item_subtitle sc_title_subtitle sc_align_left sc_item_title_style_default\">Tratamientos para el cuerpo<\/h6><\/div><!-- \/.sc_title -->[vc_empty_space alter_height=&#8221;medium&#8221; hide_on_mobile=&#8221;&#8221;][vc_single_image image=&#8221;1807&#8243; img_size=&#8221;large&#8221; alignment=&#8221;center&#8221;][\/vc_column][vc_column width=&#8221;1\/2&#8243;][vc_empty_space hide_on_mobile=&#8221;&#8221;][vc_column_text]<\/p>\n<p style=\"text-align: justify;\"><span style=\"color: #999999;\">\u00a0 \u00a0 \u00bfEst\u00e1 tratando de deshacerse de la grasa rebelde en ciertas \u00e1reas de su cuerpo, pero quiere evitar la cirug\u00eda? <\/span><\/p>\n<p style=\"text-align: justify;\"><span style=\"color: #666666;\">Pruebe <\/span><a class=\"editor-rtfLink\" href=\"https:\/\/www.youtube.com\/watch?v=Q6yyZZBGDHs\" target=\"_blank\" rel=\"noopener\"><strong><span style=\"color: #999999;\">EMSCULPT\u00ae<\/span><\/strong><\/a><strong>\u00a0\u00a0<\/strong>y\u00a0<span style=\"color: #999999;\"><b>\u00a0<\/b><a class=\"editor-rtfLink\" href=\"https:\/\/www.youtube.com\/watch?v=babirqsm6q8\" target=\"_blank\" rel=\"noopener\"><b>BTL Exilis Ultra<\/b><\/a><\/span> y disfrute de una figura m\u00e1s delgada y tonificada sin pasar por el quir\u00f3fano. Preg\u00fantenos qu\u00e9 opci\u00f3n es mejor para su cuerpo.<\/p>\n<p>&nbsp;<\/p>\n<p style=\"text-align: justify;\"><strong><span class=\"Apple-converted-space\"><a class=\"vp-a vp-yt-type\" href=\"https:\/\/www.youtube.com\/watch?v=Q6yyZZBGDHs\" data-autoplay=\"1\" data-dwrap=\"1\" data-ytid=\"Q6yyZZBGDHs\">| EMSCULPT\u00ae<\/a><b>\u00a0<\/b><\/span><\/strong><strong>| <a class=\"vp-a vp-yt-type\" href=\"https:\/\/www.youtube.com\/watch?v=babirqsm6q8\" data-autoplay=\"1\" data-ytid=\"babirqsm6q8\">BTL Exilis Ultra<\/a><span class=\"Apple-converted-space\">\u00a0|\u00a0<\/span><\/strong><\/p>\n<p>[\/vc_column_text][\/vc_column][\/vc_row][vc_row][vc_column][vc_empty_space hide_on_mobile=&#8221;&#8221;][\/vc_column][\/vc_row][vc_row][vc_column][vc_column_text]<strong><span class=\"Apple-converted-space\"><a class=\"vp-a vp-yt-type\" href=\"https:\/\/www.youtube.com\/watch?v=Q6yyZZBGDHs\" data-autoplay=\"1\" data-dwrap=\"1\" data-ytid=\"Q6yyZZBGDHs\">EMSCULPT\u00ae<\/a><b>\u00a0 <\/b><\/span><\/strong><span class=\"Apple-converted-space\"> es un dispositivo de contorno corporal aprobado por la FDA que tonifica la grasa rebelde. El dispositivo utiliza tecnolog\u00eda electromagn\u00e9tica enfocada de alta intensidad (HIFEM\u00ae) para desarrollar m\u00fasculo en sesiones de 30 minutos.<\/span><\/p>\n<p><iframe loading=\"lazy\" src=\"https:\/\/www.youtube.com\/embed\/Q6yyZZBGDHs\" width=\"560\" height=\"315\" frameborder=\"0\" allowfullscreen=\"allowfullscreen\"><\/iframe><\/p>\n<p><strong> <a class=\"vp-a vp-yt-type\" href=\"https:\/\/www.youtube.com\/watch?v=babirqsm6q8\" data-autoplay=\"1\" data-ytid=\"babirqsm6q8\">BTL Exilis Ultra<\/a>\u00a0\u00a0<\/strong><span class=\"Apple-converted-space\">es el primer y \u00fanico dispositivo que combina simult\u00e1neamente radiofrecuencia y ultrasonido para tensar la piel y abordar las preocupaciones del cuerpo.<\/span><\/p>\n<p><iframe loading=\"lazy\" src=\"https:\/\/www.youtube.com\/embed\/babirqsm6q8\" width=\"560\" height=\"315\" frameborder=\"0\" allowfullscreen=\"allowfullscreen\"><\/iframe>[\/vc_column_text][vc_empty_space alter_height=&#8221;medium&#8221; hide_on_mobile=&#8221;&#8221;][\/vc_column][\/vc_row][vc_row][vc_column][\/vc_column][\/vc_row]<\/p>\n","protected":false},"excerpt":{"rendered":"<p>[vc_row content_placement=&#8221;middle&#8221;][vc_column width=&#8221;1\/2&#8243;][vc_empty_space alter_height=&#8221;medium&#8221; hide_on_mobile=&#8221;&#8221;][vc_single_image image=&#8221;1807&#8243; img_size=&#8221;large&#8221; alignment=&#8221;center&#8221;][\/vc_column][vc_column width=&#8221;1\/2&#8243;][vc_empty_space hide_on_mobile=&#8221;&#8221;][vc_column_text] \u00a0 \u00a0 \u00bfEst\u00e1 tratando de deshacerse de la grasa rebelde en ciertas \u00e1reas de su cuerpo, pero quiere evitar la cirug\u00eda? Pruebe EMSCULPT\u00ae\u00a0\u00a0y\u00a0\u00a0BTL Exilis Ultra y disfrute de una figura m\u00e1s delgada y tonificada sin pasar por el quir\u00f3fano. Preg\u00fantenos qu\u00e9 opci\u00f3n es mejor para su cuerpo. &nbsp; | EMSCULPT\u00ae\u00a0|&hellip;<\/p>\n","protected":false},"author":1,"featured_media":0,"parent":0,"menu_order":0,"comment_status":"closed","ping_status":"closed","template":"","meta":{"footnotes":""},"class_list":["post-1977","page","type-page","status-publish","hentry"],"_links":{"self":[{"href":"http:\/\/acramedical.com\/web\/wp-json\/wp\/v2\/pages\/1977"}],"collection":[{"href":"http:\/\/acramedical.com\/web\/wp-json\/wp\/v2\/pages"}],"about":[{"href":"http:\/\/acramedical.com\/web\/wp-json\/wp\/v2\/types\/page"}],"author":[{"embeddable":true,"href":"http:\/\/acramedical.com\/web\/wp-json\/wp\/v2\/users\/1"}],"replies":[{"embeddable":true,"href":"http:\/\/acramedical.com\/web\/wp-json\/wp\/v2\/comments?post=1977"}],"version-history":[{"count":6,"href":"http:\/\/acramedical.com\/web\/wp-json\/wp\/v2\/pages\/1977\/revisions"}],"predecessor-version":[{"id":2072,"href":"http:\/\/acramedical.com\/web\/wp-json\/wp\/v2\/pages\/1977\/revisions\/2072"}],"wp:attachment":[{"href":"http:\/\/acramedical.com\/web\/wp-json\/wp\/v2\/media?parent=1977"}],"curies":[{"name":"wp","href":"https:\/\/api.w.org\/{rel}","templated":true}]}}