{"id":1491,"date":"2020-11-10T00:25:59","date_gmt":"2020-11-10T05:25:59","guid":{"rendered":"http:\/\/acramedical.com\/web\/?page_id=1491"},"modified":"2021-01-29T12:25:17","modified_gmt":"2021-01-29T17:25:17","slug":"news","status":"publish","type":"page","link":"http:\/\/acramedical.com\/web\/news\/","title":{"rendered":"On the Media"},"content":{"rendered":"<p>[vc_row][vc_column]<div id=\"sc_title_1143169967\"\n\t\tclass=\"sc_title color_style_default sc_title_default\"><h6 class=\"sc_item_subtitle sc_title_subtitle sc_align_left sc_item_title_style_default\">On the Media\/Noticias<\/h6><\/div><!-- \/.sc_title -->[vc_column_text]<\/p>\r\n<p>&nbsp;<\/p>\r\n<p><br \/><br \/>\r\n\r\n<a href=\"https:\/\/youtu.be\/V9KxNgbS27A\"><img loading=\"lazy\" decoding=\"async\" class=\"alignleft wp-image-1599 size-medium\" src=\"http:\/\/acramedical.com\/web\/wp-content\/uploads\/2020\/12\/Screen-Shot-2020-12-02-at-10.06.08-AM-300x204.png\" alt=\"\" width=\"300\" height=\"204\" srcset=\"http:\/\/acramedical.com\/web\/wp-content\/uploads\/2020\/12\/Screen-Shot-2020-12-02-at-10.06.08-AM-300x204.png 300w, http:\/\/acramedical.com\/web\/wp-content\/uploads\/2020\/12\/Screen-Shot-2020-12-02-at-10.06.08-AM-1024x696.png 1024w, http:\/\/acramedical.com\/web\/wp-content\/uploads\/2020\/12\/Screen-Shot-2020-12-02-at-10.06.08-AM-768x522.png 768w, http:\/\/acramedical.com\/web\/wp-content\/uploads\/2020\/12\/Screen-Shot-2020-12-02-at-10.06.08-AM-370x252.png 370w, http:\/\/acramedical.com\/web\/wp-content\/uploads\/2020\/12\/Screen-Shot-2020-12-02-at-10.06.08-AM-760x517.png 760w, http:\/\/acramedical.com\/web\/wp-content\/uploads\/2020\/12\/Screen-Shot-2020-12-02-at-10.06.08-AM-410x279.png 410w, http:\/\/acramedical.com\/web\/wp-content\/uploads\/2020\/12\/Screen-Shot-2020-12-02-at-10.06.08-AM.png 1075w\" sizes=\"(max-width: 300px) 100vw, 300px\" \/><\/a><\/p>\r\n<p>&nbsp;<\/p>\r\n<p><strong><a class=\"vp-a vp-yt-type\" href=\"https:\/\/www.youtube.com\/watch?v=V9KxNgbS27A\" data-autoplay=\"1\" data-dwrap=\"1\" data-ytid=\"V9KxNgbS27A\">Acn\u00e9 | Hydrafacial | L\u00e1ser Depilaci\u00f3n |<\/a>\u00a0<\/strong>Reportaje, Despierta Am\u00e9rica, Univisi\u00f3n Miami<\/p>\r\n<p>&nbsp;<\/p>\r\n<p>&nbsp;<\/p>\r\n<p>&nbsp;<\/p>\r\n<p>&nbsp;<\/p>\r\n<p>&nbsp;<\/p>\r\n<p><strong><a href=\"https:\/\/youtu.be\/G-0rN_dBul8\"><img loading=\"lazy\" decoding=\"async\" class=\"alignleft wp-image-1600 size-medium\" src=\"http:\/\/acramedical.com\/web\/wp-content\/uploads\/2020\/12\/Screen-Shot-2020-12-02-at-10.17.53-AM-300x231.png\" alt=\"\" width=\"300\" height=\"231\" srcset=\"http:\/\/acramedical.com\/web\/wp-content\/uploads\/2020\/12\/Screen-Shot-2020-12-02-at-10.17.53-AM-300x231.png 300w, http:\/\/acramedical.com\/web\/wp-content\/uploads\/2020\/12\/Screen-Shot-2020-12-02-at-10.17.53-AM-768x591.png 768w, http:\/\/acramedical.com\/web\/wp-content\/uploads\/2020\/12\/Screen-Shot-2020-12-02-at-10.17.53-AM-370x285.png 370w, http:\/\/acramedical.com\/web\/wp-content\/uploads\/2020\/12\/Screen-Shot-2020-12-02-at-10.17.53-AM-760x585.png 760w, http:\/\/acramedical.com\/web\/wp-content\/uploads\/2020\/12\/Screen-Shot-2020-12-02-at-10.17.53-AM-410x316.png 410w, http:\/\/acramedical.com\/web\/wp-content\/uploads\/2020\/12\/Screen-Shot-2020-12-02-at-10.17.53-AM.png 1018w\" sizes=\"(max-width: 300px) 100vw, 300px\" \/><\/a><br \/><\/strong><\/p>\r\n<p><a class=\"vp-a vp-yt-type\" href=\"https:\/\/www.youtube.com\/watch?v=G-0rN_dBul8\" data-autoplay=\"1\" data-dwrap=\"1\" data-ytid=\"G-0rN_dBul8\"><strong>Acn\u00e9 y Ros\u00e1cea<\/strong><\/a> | Reportaje, Doctora Maritza Fuentes,\u00a0 Univisi\u00f3n Miami<\/p>\r\n<p><br \/><br \/><br \/>\u00a0<\/p>\r\n<p>&nbsp;<\/p>\r\n<p>&nbsp;<\/p>\r\n<p>&nbsp;<\/p>\r\n<p>&nbsp;<\/p>\r\n<p><strong><img loading=\"lazy\" decoding=\"async\" class=\"alignleft size-medium wp-image-1601\" src=\"http:\/\/acramedical.com\/web\/wp-content\/uploads\/2020\/12\/Screen-Shot-2020-12-02-at-10.20.36-AM-300x224.png\" alt=\"\" width=\"300\" height=\"224\" srcset=\"http:\/\/acramedical.com\/web\/wp-content\/uploads\/2020\/12\/Screen-Shot-2020-12-02-at-10.20.36-AM-300x224.png 300w, http:\/\/acramedical.com\/web\/wp-content\/uploads\/2020\/12\/Screen-Shot-2020-12-02-at-10.20.36-AM-768x573.png 768w, http:\/\/acramedical.com\/web\/wp-content\/uploads\/2020\/12\/Screen-Shot-2020-12-02-at-10.20.36-AM-370x276.png 370w, http:\/\/acramedical.com\/web\/wp-content\/uploads\/2020\/12\/Screen-Shot-2020-12-02-at-10.20.36-AM-760x567.png 760w, http:\/\/acramedical.com\/web\/wp-content\/uploads\/2020\/12\/Screen-Shot-2020-12-02-at-10.20.36-AM-410x306.png 410w, http:\/\/acramedical.com\/web\/wp-content\/uploads\/2020\/12\/Screen-Shot-2020-12-02-at-10.20.36-AM.png 1015w\" sizes=\"(max-width: 300px) 100vw, 300px\" \/><\/strong><\/p>\r\n<p>&nbsp;<\/p>\r\n<p><strong><a class=\"vp-a vp-yt-type\" href=\"https:\/\/www.youtube.com\/watch?v=7vvXq9g7bzE\" data-autoplay=\"1\" data-dwrap=\"1\" data-ytid=\"7vvXq9g7bzE\">Tratamiento para Hombres<\/a>|<\/strong>\u00a0Reportaje Despierta Am\u00e9rica, Univisi\u00f3n Miami<\/p>\r\n<p><br \/><br \/><br \/>\u00a0<\/p>\r\n<p>&nbsp;<\/p>\r\n<p>&nbsp;<\/p>\r\n<p>&nbsp;<\/p>\r\n<p>&nbsp;<\/p>\r\n<p><img loading=\"lazy\" decoding=\"async\" class=\"alignleft size-medium wp-image-1602\" src=\"http:\/\/acramedical.com\/web\/wp-content\/uploads\/2020\/12\/Screen-Shot-2020-12-02-at-10.24.40-AM-300x190.png\" alt=\"\" width=\"300\" height=\"190\" srcset=\"http:\/\/acramedical.com\/web\/wp-content\/uploads\/2020\/12\/Screen-Shot-2020-12-02-at-10.24.40-AM-300x190.png 300w, http:\/\/acramedical.com\/web\/wp-content\/uploads\/2020\/12\/Screen-Shot-2020-12-02-at-10.24.40-AM-768x488.png 768w, http:\/\/acramedical.com\/web\/wp-content\/uploads\/2020\/12\/Screen-Shot-2020-12-02-at-10.24.40-AM-370x235.png 370w, http:\/\/acramedical.com\/web\/wp-content\/uploads\/2020\/12\/Screen-Shot-2020-12-02-at-10.24.40-AM-760x483.png 760w, http:\/\/acramedical.com\/web\/wp-content\/uploads\/2020\/12\/Screen-Shot-2020-12-02-at-10.24.40-AM-410x260.png 410w, http:\/\/acramedical.com\/web\/wp-content\/uploads\/2020\/12\/Screen-Shot-2020-12-02-at-10.24.40-AM.png 967w\" sizes=\"(max-width: 300px) 100vw, 300px\" \/><\/p>\r\n<p>&nbsp;<\/p>\r\n<p><strong><a class=\"vp-a vp-yt-type\" href=\"https:\/\/www.youtube.com\/watch?v=SloaJfJlzOM\" data-autoplay=\"1\" data-dwrap=\"1\" data-ytid=\"SloaJfJlzOM\">Tratamientos de rejuvenecimiento<\/a> |<\/strong>\u00a0Rejuvenece hasta 10 a\u00f1os sin cirug\u00eda | Reportaje, Doctora Maritza Fuentes, Univisi\u00f3n Miami<\/p>\r\n<p><br \/><br \/><br \/>\u00a0<\/p>\r\n<p>&nbsp;<\/p>\r\n<p>&nbsp;<\/p>\r\n<p>&nbsp;<\/p>\r\n<p><img loading=\"lazy\" decoding=\"async\" class=\"alignleft size-medium wp-image-1604\" src=\"http:\/\/acramedical.com\/web\/wp-content\/uploads\/2020\/12\/Screen-Shot-2020-12-02-at-10.34.20-AM-300x216.png\" alt=\"\" width=\"300\" height=\"216\" srcset=\"http:\/\/acramedical.com\/web\/wp-content\/uploads\/2020\/12\/Screen-Shot-2020-12-02-at-10.34.20-AM-300x216.png 300w, http:\/\/acramedical.com\/web\/wp-content\/uploads\/2020\/12\/Screen-Shot-2020-12-02-at-10.34.20-AM-1024x737.png 1024w, http:\/\/acramedical.com\/web\/wp-content\/uploads\/2020\/12\/Screen-Shot-2020-12-02-at-10.34.20-AM-768x553.png 768w, http:\/\/acramedical.com\/web\/wp-content\/uploads\/2020\/12\/Screen-Shot-2020-12-02-at-10.34.20-AM-370x266.png 370w, http:\/\/acramedical.com\/web\/wp-content\/uploads\/2020\/12\/Screen-Shot-2020-12-02-at-10.34.20-AM-760x547.png 760w, http:\/\/acramedical.com\/web\/wp-content\/uploads\/2020\/12\/Screen-Shot-2020-12-02-at-10.34.20-AM-410x295.png 410w, http:\/\/acramedical.com\/web\/wp-content\/uploads\/2020\/12\/Screen-Shot-2020-12-02-at-10.34.20-AM.png 1118w\" sizes=\"(max-width: 300px) 100vw, 300px\" \/><\/p>\r\n<p>&nbsp;<\/p>\r\n<p><a class=\"vp-a vp-yt-type\" href=\"https:\/\/www.youtube.com\/watch?v=ZLoiVoamGfg\" data-autoplay=\"1\" data-dwrap=\"1\" data-ytid=\"ZLoiVoamGfg\"><strong>Hydrafacial<\/strong> \u00a0<\/a><strong>| Tratamientos de rejuvenecimiento\u00a0<\/strong>Reportaje, Doctora Maritza Fuentes, Univisi\u00f3n Miami<\/p>\r\n<p><!-- \/wp:paragraph -->[\/vc_column_text][\/vc_column][\/vc_row]<\/p>","protected":false},"excerpt":{"rendered":"<p>[vc_row][vc_column][vc_column_text] &nbsp; &nbsp; Acn\u00e9 | Hydrafacial | L\u00e1ser Depilaci\u00f3n |\u00a0Reportaje, Despierta Am\u00e9rica, Univisi\u00f3n Miami &nbsp; &nbsp; &nbsp; &nbsp; &nbsp; Acn\u00e9 y Ros\u00e1cea | Reportaje, Doctora Maritza Fuentes,\u00a0 Univisi\u00f3n Miami \u00a0 &nbsp; &nbsp; &nbsp; &nbsp; &nbsp; Tratamiento para Hombres|\u00a0Reportaje Despierta Am\u00e9rica, Univisi\u00f3n Miami \u00a0 &nbsp; &nbsp; &nbsp; &nbsp; &nbsp; Tratamientos de rejuvenecimiento |\u00a0Rejuvenece hasta 10 a\u00f1os sin cirug\u00eda | Reportaje, Doctora&hellip;<\/p>\n","protected":false},"author":1,"featured_media":0,"parent":0,"menu_order":0,"comment_status":"closed","ping_status":"closed","template":"","meta":{"footnotes":""},"class_list":["post-1491","page","type-page","status-publish","hentry"],"_links":{"self":[{"href":"http:\/\/acramedical.com\/web\/wp-json\/wp\/v2\/pages\/1491"}],"collection":[{"href":"http:\/\/acramedical.com\/web\/wp-json\/wp\/v2\/pages"}],"about":[{"href":"http:\/\/acramedical.com\/web\/wp-json\/wp\/v2\/types\/page"}],"author":[{"embeddable":true,"href":"http:\/\/acramedical.com\/web\/wp-json\/wp\/v2\/users\/1"}],"replies":[{"embeddable":true,"href":"http:\/\/acramedical.com\/web\/wp-json\/wp\/v2\/comments?post=1491"}],"version-history":[{"count":14,"href":"http:\/\/acramedical.com\/web\/wp-json\/wp\/v2\/pages\/1491\/revisions"}],"predecessor-version":[{"id":2083,"href":"http:\/\/acramedical.com\/web\/wp-json\/wp\/v2\/pages\/1491\/revisions\/2083"}],"wp:attachment":[{"href":"http:\/\/acramedical.com\/web\/wp-json\/wp\/v2\/media?parent=1491"}],"curies":[{"name":"wp","href":"https:\/\/api.w.org\/{rel}","templated":true}]}}